{"id":479,"date":"2024-11-23T15:29:33","date_gmt":"2024-11-23T14:29:33","guid":{"rendered":"https:\/\/glid.fr\/?page_id=479"},"modified":"2026-01-08T19:16:28","modified_gmt":"2026-01-08T18:16:28","slug":"statuts-de-lassociation","status":"publish","type":"page","link":"https:\/\/glid.fr\/?page_id=479","title":{"rendered":"Vie de l&rsquo;association"},"content":{"rendered":"<style>.wp-block-kadence-advancedheading.kt-adv-heading479_26cb6a-87, .wp-block-kadence-advancedheading.kt-adv-heading479_26cb6a-87[data-kb-block=\"kb-adv-heading479_26cb6a-87\"]{text-align:center;font-style:normal;}.wp-block-kadence-advancedheading.kt-adv-heading479_26cb6a-87 mark.kt-highlight, .wp-block-kadence-advancedheading.kt-adv-heading479_26cb6a-87[data-kb-block=\"kb-adv-heading479_26cb6a-87\"] mark.kt-highlight{font-style:normal;color:#f76a0c;-webkit-box-decoration-break:clone;box-decoration-break:clone;padding-top:0px;padding-right:0px;padding-bottom:0px;padding-left:0px;}.wp-block-kadence-advancedheading.kt-adv-heading479_26cb6a-87 img.kb-inline-image, .wp-block-kadence-advancedheading.kt-adv-heading479_26cb6a-87[data-kb-block=\"kb-adv-heading479_26cb6a-87\"] img.kb-inline-image{width:150px;vertical-align:baseline;}<\/style>\n<h2 class=\"kt-adv-heading479_26cb6a-87 wp-block-kadence-advancedheading\" data-kb-block=\"kb-adv-heading479_26cb6a-87\">Vie de l&rsquo;association<\/h2>\n\n\n\n<figure class=\"wp-block-embed is-type-wp-embed is-provider-contenu-embarqu wp-block-embed-contenu-embarqu\"><div class=\"wp-block-embed__wrapper\">\n<blockquote class=\"wp-embedded-content\" data-secret=\"ZgcpTIVMVn\"><a href=\"https:\/\/glid.fr\/?p=864\">Assembl\u00e9e G\u00e9n\u00e9rale du 26 Octobre 2025<\/a><\/blockquote><iframe loading=\"lazy\" class=\"wp-embedded-content\" sandbox=\"allow-scripts\" security=\"restricted\" style=\"position: absolute; visibility: hidden;\" title=\"\u00ab\u00a0Assembl\u00e9e G\u00e9n\u00e9rale du 26 Octobre 2025\u00a0\u00bb &#8212; GLID\" src=\"https:\/\/glid.fr\/?p=864&#038;embed=true#?secret=K0xd0ouwyQ#?secret=ZgcpTIVMVn\" data-secret=\"ZgcpTIVMVn\" width=\"600\" height=\"338\" frameborder=\"0\" marginwidth=\"0\" marginheight=\"0\" scrolling=\"no\"><\/iframe>\n<\/div><\/figure>\n\n\n\n<figure class=\"wp-block-embed is-type-wp-embed is-provider-contenu-embarqu wp-block-embed-contenu-embarqu\"><div class=\"wp-block-embed__wrapper\">\n<blockquote class=\"wp-embedded-content\" data-secret=\"VKqV3CLVxP\"><a href=\"https:\/\/glid.fr\/?p=829\">Compte rendu de la r\u00e9union du bureau du 14 juin 2025<\/a><\/blockquote><iframe loading=\"lazy\" class=\"wp-embedded-content\" sandbox=\"allow-scripts\" security=\"restricted\" style=\"position: absolute; visibility: hidden;\" title=\"\u00ab\u00a0Compte rendu de la r\u00e9union du bureau du 14 juin 2025\u00a0\u00bb &#8212; \" src=\"https:\/\/glid.fr\/?p=829&#038;embed=true#?secret=yACsBOSkhZ#?secret=VKqV3CLVxP\" data-secret=\"VKqV3CLVxP\" width=\"600\" height=\"338\" frameborder=\"0\" marginwidth=\"0\" marginheight=\"0\" scrolling=\"no\"><\/iframe>\n<\/div><\/figure>\n\n\n\n<figure class=\"wp-block-embed is-type-wp-embed is-provider-contenu-embarqu wp-block-embed-contenu-embarqu\"><div class=\"wp-block-embed__wrapper\">\n<blockquote class=\"wp-embedded-content\" data-secret=\"syNjIgeG7U\"><a href=\"https:\/\/glid.fr\/?p=609\">Statuts de l&rsquo;association<\/a><\/blockquote><iframe loading=\"lazy\" class=\"wp-embedded-content\" sandbox=\"allow-scripts\" security=\"restricted\" style=\"position: absolute; visibility: hidden;\" title=\"\u00ab\u00a0Statuts de l&rsquo;association\u00a0\u00bb &#8212; \" src=\"https:\/\/glid.fr\/?p=609&#038;embed=true#?secret=6owuErJWvR#?secret=syNjIgeG7U\" data-secret=\"syNjIgeG7U\" width=\"600\" height=\"338\" frameborder=\"0\" marginwidth=\"0\" marginheight=\"0\" scrolling=\"no\"><\/iframe>\n<\/div><\/figure>\n\n\n\n<figure class=\"wp-block-embed is-type-wp-embed is-provider-contenu-embarqu wp-block-embed-contenu-embarqu\"><div class=\"wp-block-embed__wrapper\">\n<blockquote class=\"wp-embedded-content\" data-secret=\"hxGyAVOXgb\"><a href=\"https:\/\/glid.fr\/?p=624\">Assembl\u00e9e G\u00e9n\u00e9rale du 20 Octobre 2024<\/a><\/blockquote><iframe loading=\"lazy\" class=\"wp-embedded-content\" sandbox=\"allow-scripts\" security=\"restricted\" style=\"position: absolute; visibility: hidden;\" title=\"\u00ab\u00a0Assembl\u00e9e G\u00e9n\u00e9rale du 20 Octobre 2024\u00a0\u00bb &#8212; \" src=\"https:\/\/glid.fr\/?p=624&#038;embed=true#?secret=zgC0MV8oJO#?secret=hxGyAVOXgb\" data-secret=\"hxGyAVOXgb\" width=\"600\" height=\"338\" frameborder=\"0\" marginwidth=\"0\" marginheight=\"0\" scrolling=\"no\"><\/iframe>\n<\/div><\/figure>\n\n\n\n<figure class=\"wp-block-embed is-type-wp-embed is-provider-contenu-embarqu wp-block-embed-contenu-embarqu\"><div class=\"wp-block-embed__wrapper\">\n<blockquote class=\"wp-embedded-content\" data-secret=\"9qXtTnMk1k\"><a href=\"https:\/\/glid.fr\/?p=627\">Assembl\u00e9e G\u00e9n\u00e9rale du 8 Octobre 2023<\/a><\/blockquote><iframe loading=\"lazy\" class=\"wp-embedded-content\" sandbox=\"allow-scripts\" security=\"restricted\" style=\"position: absolute; visibility: hidden;\" title=\"\u00ab\u00a0Assembl\u00e9e G\u00e9n\u00e9rale du 8 Octobre 2023\u00a0\u00bb &#8212; \" src=\"https:\/\/glid.fr\/?p=627&#038;embed=true#?secret=MZLhI6xHxq#?secret=9qXtTnMk1k\" data-secret=\"9qXtTnMk1k\" width=\"600\" height=\"338\" frameborder=\"0\" marginwidth=\"0\" marginheight=\"0\" scrolling=\"no\"><\/iframe>\n<\/div><\/figure>\n","protected":false},"excerpt":{"rendered":"<p>Vie de l&rsquo;association<\/p>\n","protected":false},"author":1,"featured_media":0,"parent":0,"menu_order":0,"comment_status":"closed","ping_status":"closed","template":"","meta":{"_kadence_starter_templates_imported_post":false,"_kad_post_transparent":"","_kad_post_title":"","_kad_post_layout":"","_kad_post_sidebar_id":"","_kad_post_content_style":"","_kad_post_vertical_padding":"","_kad_post_feature":"","_kad_post_feature_position":"","_kad_post_header":false,"_kad_post_footer":false,"_kad_post_classname":"","footnotes":""},"class_list":["post-479","page","type-page","status-publish","hentry"],"_links":{"self":[{"href":"https:\/\/glid.fr\/index.php?rest_route=\/wp\/v2\/pages\/479","targetHints":{"allow":["GET"]}}],"collection":[{"href":"https:\/\/glid.fr\/index.php?rest_route=\/wp\/v2\/pages"}],"about":[{"href":"https:\/\/glid.fr\/index.php?rest_route=\/wp\/v2\/types\/page"}],"author":[{"embeddable":true,"href":"https:\/\/glid.fr\/index.php?rest_route=\/wp\/v2\/users\/1"}],"replies":[{"embeddable":true,"href":"https:\/\/glid.fr\/index.php?rest_route=%2Fwp%2Fv2%2Fcomments&post=479"}],"version-history":[{"count":12,"href":"https:\/\/glid.fr\/index.php?rest_route=\/wp\/v2\/pages\/479\/revisions"}],"predecessor-version":[{"id":967,"href":"https:\/\/glid.fr\/index.php?rest_route=\/wp\/v2\/pages\/479\/revisions\/967"}],"wp:attachment":[{"href":"https:\/\/glid.fr\/index.php?rest_route=%2Fwp%2Fv2%2Fmedia&parent=479"}],"curies":[{"name":"wp","href":"https:\/\/api.w.org\/{rel}","templated":true}]}}