{"id":443,"date":"2024-11-16T11:35:31","date_gmt":"2024-11-16T10:35:31","guid":{"rendered":"https:\/\/glid.fr\/?page_id=443"},"modified":"2026-02-06T17:07:19","modified_gmt":"2026-02-06T16:07:19","slug":"jeux","status":"publish","type":"page","link":"https:\/\/glid.fr\/?page_id=443","title":{"rendered":"Jeux"},"content":{"rendered":"<style>.wp-block-kadence-advancedheading.kt-adv-heading443_af058a-15, .wp-block-kadence-advancedheading.kt-adv-heading443_af058a-15[data-kb-block=\"kb-adv-heading443_af058a-15\"]{text-align:center;font-style:normal;}.wp-block-kadence-advancedheading.kt-adv-heading443_af058a-15 mark.kt-highlight, .wp-block-kadence-advancedheading.kt-adv-heading443_af058a-15[data-kb-block=\"kb-adv-heading443_af058a-15\"] mark.kt-highlight{font-style:normal;color:#f76a0c;-webkit-box-decoration-break:clone;box-decoration-break:clone;padding-top:0px;padding-right:0px;padding-bottom:0px;padding-left:0px;}.wp-block-kadence-advancedheading.kt-adv-heading443_af058a-15 img.kb-inline-image, .wp-block-kadence-advancedheading.kt-adv-heading443_af058a-15[data-kb-block=\"kb-adv-heading443_af058a-15\"] img.kb-inline-image{width:150px;vertical-align:baseline;}<\/style>\n<h2 class=\"kt-adv-heading443_af058a-15 wp-block-kadence-advancedheading\" data-kb-block=\"kb-adv-heading443_af058a-15\">Notre ludoth\u00e8que<\/h2>\n\n\n\n<p>La GLID \u00e9tant encore une jeune association et sa ludoth\u00e8que n&rsquo;\u00e9tant pas encore tr\u00e8s fournie (promis on y travaille), les membres r\u00e9guliers de l&rsquo;association ouvrent leur ludoth\u00e8que \u00e0 chaque session pour vous proposer une grande vari\u00e9t\u00e9 de jeux \u00e0 chaque fois.<\/p>\n\n\n\n<p>La liste des jeux disponibles lors de toutes les sessions c&rsquo;est ici : <a href=\"https:\/\/www.myludo.fr\/#!\/collection\" target=\"_blank\" rel=\"noreferrer noopener\">Jeux de la GLID<\/a><\/p>\n\n\n\n<p>Vous souhaitez essayer un jeu en particulier, voici ce qu&rsquo;on peut vous proposer : <a href=\"https:\/\/docs.google.com\/spreadsheets\/d\/e\/2PACX-1vQyS2i5Eiq12vewvgWcHX1VF7hIriuyimBFB30zKJAPL-Wptm6M3NdXSdmh760g9lLjdcIwv-cGer_J\/pubhtml?\" target=\"_blank\" rel=\"noreferrer noopener\">Jeux des r\u00e9guliers<\/a><\/p>\n\n\n\n<p><\/p>\n\n\n\n<p><\/p>\n","protected":false},"excerpt":{"rendered":"<p>Notre ludoth\u00e8que La GLID \u00e9tant encore une jeune association et sa ludoth\u00e8que n&rsquo;\u00e9tant pas encore tr\u00e8s fournie (promis on y travaille), les membres r\u00e9guliers de l&rsquo;association ouvrent leur ludoth\u00e8que \u00e0 chaque session pour vous proposer une grande vari\u00e9t\u00e9 de jeux \u00e0 chaque fois. La liste des jeux disponibles lors de toutes les sessions c&rsquo;est ici&#8230;<\/p>\n","protected":false},"author":1,"featured_media":0,"parent":0,"menu_order":0,"comment_status":"closed","ping_status":"closed","template":"","meta":{"_kadence_starter_templates_imported_post":false,"_kad_post_transparent":"","_kad_post_title":"","_kad_post_layout":"","_kad_post_sidebar_id":"","_kad_post_content_style":"","_kad_post_vertical_padding":"","_kad_post_feature":"","_kad_post_feature_position":"","_kad_post_header":false,"_kad_post_footer":false,"_kad_post_classname":"","footnotes":""},"class_list":["post-443","page","type-page","status-publish","hentry"],"_links":{"self":[{"href":"https:\/\/glid.fr\/index.php?rest_route=\/wp\/v2\/pages\/443","targetHints":{"allow":["GET"]}}],"collection":[{"href":"https:\/\/glid.fr\/index.php?rest_route=\/wp\/v2\/pages"}],"about":[{"href":"https:\/\/glid.fr\/index.php?rest_route=\/wp\/v2\/types\/page"}],"author":[{"embeddable":true,"href":"https:\/\/glid.fr\/index.php?rest_route=\/wp\/v2\/users\/1"}],"replies":[{"embeddable":true,"href":"https:\/\/glid.fr\/index.php?rest_route=%2Fwp%2Fv2%2Fcomments&post=443"}],"version-history":[{"count":15,"href":"https:\/\/glid.fr\/index.php?rest_route=\/wp\/v2\/pages\/443\/revisions"}],"predecessor-version":[{"id":1018,"href":"https:\/\/glid.fr\/index.php?rest_route=\/wp\/v2\/pages\/443\/revisions\/1018"}],"wp:attachment":[{"href":"https:\/\/glid.fr\/index.php?rest_route=%2Fwp%2Fv2%2Fmedia&parent=443"}],"curies":[{"name":"wp","href":"https:\/\/api.w.org\/{rel}","templated":true}]}}