{"id":285,"date":"2024-08-26T15:40:06","date_gmt":"2024-08-26T13:40:06","guid":{"rendered":"https:\/\/glid.fr\/?page_id=285"},"modified":"2026-03-01T16:24:30","modified_gmt":"2026-03-01T15:24:30","slug":"285-2","status":"publish","type":"page","link":"https:\/\/glid.fr\/","title":{"rendered":"Menu"},"content":{"rendered":"<style>.wp-block-kadence-advancedheading.kt-adv-heading285_b635ca-9d, .wp-block-kadence-advancedheading.kt-adv-heading285_b635ca-9d[data-kb-block=\"kb-adv-heading285_b635ca-9d\"]{text-align:center;font-style:normal;}.wp-block-kadence-advancedheading.kt-adv-heading285_b635ca-9d mark.kt-highlight, .wp-block-kadence-advancedheading.kt-adv-heading285_b635ca-9d[data-kb-block=\"kb-adv-heading285_b635ca-9d\"] mark.kt-highlight{font-style:normal;color:#f76a0c;-webkit-box-decoration-break:clone;box-decoration-break:clone;padding-top:0px;padding-right:0px;padding-bottom:0px;padding-left:0px;}.wp-block-kadence-advancedheading.kt-adv-heading285_b635ca-9d img.kb-inline-image, .wp-block-kadence-advancedheading.kt-adv-heading285_b635ca-9d[data-kb-block=\"kb-adv-heading285_b635ca-9d\"] img.kb-inline-image{width:150px;vertical-align:baseline;}<\/style>\n<h2 class=\"kt-adv-heading285_b635ca-9d wp-block-kadence-advancedheading\" data-kb-block=\"kb-adv-heading285_b635ca-9d\">A propos de la GLID : <\/h2>\n\n\n\n<div style=\"height:25px\" aria-hidden=\"true\" class=\"wp-block-spacer\"><\/div>\n\n\n\n<figure class=\"wp-block-image size-large is-resized\"><img loading=\"lazy\" decoding=\"async\" width=\"1024\" height=\"227\" src=\"https:\/\/glid.fr\/wp-content\/uploads\/2026\/01\/baniere-cest-quoi-1024x227.png\" alt=\"\" class=\"wp-image-985\" style=\"width:549px;height:auto\" srcset=\"https:\/\/glid.fr\/wp-content\/uploads\/2026\/01\/baniere-cest-quoi-1024x227.png 1024w, https:\/\/glid.fr\/wp-content\/uploads\/2026\/01\/baniere-cest-quoi-300x67.png 300w, https:\/\/glid.fr\/wp-content\/uploads\/2026\/01\/baniere-cest-quoi-768x170.png 768w, https:\/\/glid.fr\/wp-content\/uploads\/2026\/01\/baniere-cest-quoi.png 1411w\" sizes=\"auto, (max-width: 1024px) 100vw, 1024px\" \/><\/figure>\n\n\n\n<div style=\"height:10px\" aria-hidden=\"true\" class=\"wp-block-spacer\"><\/div>\n\n\n\n<p class=\"has--font-size\">La GLID c&rsquo;est la <strong>G<\/strong>uilde <strong>L<\/strong>udique <strong>I<\/strong>nterg\u00e9n\u00e9rationnelle <strong>D<\/strong>oloise, autrement dit c&rsquo;est une association de jeux de soci\u00e9t\u00e9 qui rassemble joueurs et joueuses de Dol-de-Bretagne et ses environs pour d\u00e9couvrir et faire d\u00e9couvrir une quantit\u00e9 de jeux, qu&rsquo;ils soient de cartes, de r\u00f4le, de plateau, de main, mais pas de vilain (ou alors juste un peu). <\/p>\n\n\n\n<div style=\"height:10px\" aria-hidden=\"true\" class=\"wp-block-spacer\"><\/div>\n\n\n<div class=\"wp-block-image\">\n<figure class=\"alignright size-large is-resized\"><img loading=\"lazy\" decoding=\"async\" width=\"1024\" height=\"232\" src=\"https:\/\/glid.fr\/wp-content\/uploads\/2026\/01\/baniere-ou-1024x232.png\" alt=\"\" class=\"wp-image-991\" style=\"width:569px;height:auto\" srcset=\"https:\/\/glid.fr\/wp-content\/uploads\/2026\/01\/baniere-ou-1024x232.png 1024w, https:\/\/glid.fr\/wp-content\/uploads\/2026\/01\/baniere-ou-300x68.png 300w, https:\/\/glid.fr\/wp-content\/uploads\/2026\/01\/baniere-ou-768x174.png 768w, https:\/\/glid.fr\/wp-content\/uploads\/2026\/01\/baniere-ou.png 1424w\" sizes=\"auto, (max-width: 1024px) 100vw, 1024px\" \/><\/figure>\n<\/div>\n\n<style>.wp-block-kadence-advancedheading.kt-adv-heading285_72b687-9d, .wp-block-kadence-advancedheading.kt-adv-heading285_72b687-9d[data-kb-block=\"kb-adv-heading285_72b687-9d\"]{font-style:normal;}.wp-block-kadence-advancedheading.kt-adv-heading285_72b687-9d mark.kt-highlight, .wp-block-kadence-advancedheading.kt-adv-heading285_72b687-9d[data-kb-block=\"kb-adv-heading285_72b687-9d\"] mark.kt-highlight{font-style:normal;color:#f76a0c;-webkit-box-decoration-break:clone;box-decoration-break:clone;padding-top:0px;padding-right:0px;padding-bottom:0px;padding-left:0px;}.wp-block-kadence-advancedheading.kt-adv-heading285_72b687-9d img.kb-inline-image, .wp-block-kadence-advancedheading.kt-adv-heading285_72b687-9d[data-kb-block=\"kb-adv-heading285_72b687-9d\"] img.kb-inline-image{width:150px;vertical-align:baseline;}<\/style>\n<h3 class=\"kt-adv-heading285_72b687-9d wp-block-kadence-advancedheading\" data-kb-block=\"kb-adv-heading285_72b687-9d\"> <\/h3>\n\n\n\n<div style=\"height:10px\" aria-hidden=\"true\" class=\"wp-block-spacer\"><\/div>\n\n\n\n<div class=\"wp-block-group is-nowrap is-layout-flex wp-container-core-group-is-layout-ad2f72ca wp-block-group-is-layout-flex\">\n<div class=\"wp-block-group is-vertical is-layout-flex wp-container-core-group-is-layout-8cf370e7 wp-block-group-is-layout-flex\">\n<p>Nous organisons des sessions tous les samedis soir \u00e0 partir de 20h00 (l&rsquo;heure de fin est libre et d\u00e9pend des personnes pr\u00e9sentes) \u00e0 la salle de la <a href=\"https:\/\/maps.app.goo.gl\/tGCYpo1XjzVf3X4s7\" data-type=\"link\" data-id=\"https:\/\/maps.app.goo.gl\/tGCYpo1XjzVf3X4s7\">Pagode<\/a> (1 rue du Colombier, 35120 Dol-de-Bretagne).<\/p>\n\n\n\n<p>Certaines sessions exceptionnelles ont lieu le dimanche apr\u00e8s-midi (tournois, JDR, sessions \u00e0 th\u00e8mes&#8230;) \u00e0 la salle du <a href=\"https:\/\/maps.app.goo.gl\/sLCh8GwwKSLUyWga6\">Chalet<\/a> (2 avenue Aristide Briand, 35120 Dol-de-Bretagne).<\/p>\n\n\n\n<p>Vous pouvez retrouver toutes les dates sur nos affiches et sur notre <a href=\"https:\/\/glid.fr\/?page_id=235\">calendrier<\/a>.<\/p>\n<\/div>\n<\/div>\n\n\n\n<div style=\"height:10px\" aria-hidden=\"true\" class=\"wp-block-spacer\"><\/div>\n\n\n\n<figure class=\"wp-block-image size-large is-resized\"><img loading=\"lazy\" decoding=\"async\" width=\"1024\" height=\"243\" src=\"https:\/\/glid.fr\/wp-content\/uploads\/2026\/01\/baniere-comment-1024x243.png\" alt=\"\" class=\"wp-image-989\" style=\"aspect-ratio:4.213774154490428;width:569px;height:auto\" srcset=\"https:\/\/glid.fr\/wp-content\/uploads\/2026\/01\/baniere-comment-1024x243.png 1024w, https:\/\/glid.fr\/wp-content\/uploads\/2026\/01\/baniere-comment-300x71.png 300w, https:\/\/glid.fr\/wp-content\/uploads\/2026\/01\/baniere-comment-768x182.png 768w, https:\/\/glid.fr\/wp-content\/uploads\/2026\/01\/baniere-comment.png 1415w\" sizes=\"auto, (max-width: 1024px) 100vw, 1024px\" \/><\/figure>\n\n\n\n<div style=\"height:10px\" aria-hidden=\"true\" class=\"wp-block-spacer\"><\/div>\n\n\n\n<p class=\"has--font-size\">Nous apportons des jeux diff\u00e9rents \u00e0 chaque soir\u00e9e, vous choisissez avec les personnes pr\u00e9sentes quels jeux vous voulez d\u00e9couvrir et c&rsquo;est parti !<\/p>\n\n\n\n<p>Vous pouvez bien \u00e9videmment amener vos propres jeux, et si vous voulez en tester un en particulier, consultez tous nos <a href=\"https:\/\/glid.fr\/?page_id=443\" data-type=\"link\" data-id=\"https:\/\/glid.fr\/?page_id=443\">jeux<\/a> et demandez qu&rsquo;on l&rsquo;apporte.<\/p>\n\n\n\n<div style=\"height:10px\" aria-hidden=\"true\" class=\"wp-block-spacer\"><\/div>\n\n\n<div class=\"wp-block-image\">\n<figure class=\"alignright size-large is-resized\"><img loading=\"lazy\" decoding=\"async\" width=\"1024\" height=\"229\" src=\"https:\/\/glid.fr\/wp-content\/uploads\/2026\/01\/baniere-gratuit-1024x229.png\" alt=\"\" class=\"wp-image-1005\" style=\"aspect-ratio:4.471471118245172;width:564px;height:auto\" srcset=\"https:\/\/glid.fr\/wp-content\/uploads\/2026\/01\/baniere-gratuit-1024x229.png 1024w, https:\/\/glid.fr\/wp-content\/uploads\/2026\/01\/baniere-gratuit-300x67.png 300w, https:\/\/glid.fr\/wp-content\/uploads\/2026\/01\/baniere-gratuit-768x171.png 768w, https:\/\/glid.fr\/wp-content\/uploads\/2026\/01\/baniere-gratuit.png 1416w\" sizes=\"auto, (max-width: 1024px) 100vw, 1024px\" \/><\/figure>\n<\/div>\n\n\n<div style=\"height:10px\" aria-hidden=\"true\" class=\"wp-block-spacer\"><\/div>\n\n\n\n<p>Oui, enfin seulement pour la premi\u00e8re session&#8230; pour les suivantes c&rsquo;est 2\u20ac la session. Et si vous voulez venir souvent sans vous ruiner l&rsquo;adh\u00e9sion annuelle est \u00e0 15\u20ac.<\/p>\n\n\n\n<div style=\"height:25px\" aria-hidden=\"true\" class=\"wp-block-spacer\"><\/div>\n\n\n<style>.kb-image285_aa1fdd-76.kb-image-is-ratio-size, .kb-image285_aa1fdd-76 .kb-image-is-ratio-size{max-width:124px;width:100%;}.wp-block-kadence-column > .kt-inside-inner-col > .kb-image285_aa1fdd-76.kb-image-is-ratio-size, .wp-block-kadence-column > .kt-inside-inner-col > .kb-image285_aa1fdd-76 .kb-image-is-ratio-size{align-self:unset;}.kb-image285_aa1fdd-76 figure{max-width:124px;}.kb-image285_aa1fdd-76 .image-is-svg, .kb-image285_aa1fdd-76 .image-is-svg img{width:100%;}.kb-image285_aa1fdd-76 .kb-image-has-overlay:after{opacity:0.3;}<\/style>\n<div class=\"wp-block-kadence-image kb-image285_aa1fdd-76\"><figure class=\"aligncenter size-full\"><img loading=\"lazy\" decoding=\"async\" width=\"512\" height=\"512\" src=\"https:\/\/glid.fr\/wp-content\/uploads\/2024\/08\/cropped-437536970_122119350548252813_9109991574441896043_n.jpg\" alt=\"\" class=\"kb-img wp-image-308\" srcset=\"https:\/\/glid.fr\/wp-content\/uploads\/2024\/08\/cropped-437536970_122119350548252813_9109991574441896043_n.jpg 512w, https:\/\/glid.fr\/wp-content\/uploads\/2024\/08\/cropped-437536970_122119350548252813_9109991574441896043_n-300x300.jpg 300w, https:\/\/glid.fr\/wp-content\/uploads\/2024\/08\/cropped-437536970_122119350548252813_9109991574441896043_n-150x150.jpg 150w, https:\/\/glid.fr\/wp-content\/uploads\/2024\/08\/cropped-437536970_122119350548252813_9109991574441896043_n-270x270.jpg 270w, https:\/\/glid.fr\/wp-content\/uploads\/2024\/08\/cropped-437536970_122119350548252813_9109991574441896043_n-192x192.jpg 192w, https:\/\/glid.fr\/wp-content\/uploads\/2024\/08\/cropped-437536970_122119350548252813_9109991574441896043_n-180x180.jpg 180w, https:\/\/glid.fr\/wp-content\/uploads\/2024\/08\/cropped-437536970_122119350548252813_9109991574441896043_n-32x32.jpg 32w\" sizes=\"auto, (max-width: 512px) 100vw, 512px\" \/><\/figure><\/div>\n\n\n\n<div class=\"wp-block-group is-nowrap is-layout-flex wp-container-core-group-is-layout-ad2f72ca wp-block-group-is-layout-flex\"><\/div>\n\n\n<div class=\"wp-block-image\">\n<figure class=\"aligncenter size-full is-resized\"><img loading=\"lazy\" decoding=\"async\" width=\"2481\" height=\"2481\" src=\"https:\/\/glid.fr\/wp-content\/uploads\/2026\/03\/Post-GLiD-Mars2026.png\" alt=\"\" class=\"wp-image-1058\" style=\"width:810px;height:auto\" srcset=\"https:\/\/glid.fr\/wp-content\/uploads\/2026\/03\/Post-GLiD-Mars2026.png 2481w, https:\/\/glid.fr\/wp-content\/uploads\/2026\/03\/Post-GLiD-Mars2026-300x300.png 300w, https:\/\/glid.fr\/wp-content\/uploads\/2026\/03\/Post-GLiD-Mars2026-1024x1024.png 1024w, https:\/\/glid.fr\/wp-content\/uploads\/2026\/03\/Post-GLiD-Mars2026-150x150.png 150w, https:\/\/glid.fr\/wp-content\/uploads\/2026\/03\/Post-GLiD-Mars2026-768x768.png 768w, https:\/\/glid.fr\/wp-content\/uploads\/2026\/03\/Post-GLiD-Mars2026-1536x1536.png 1536w, https:\/\/glid.fr\/wp-content\/uploads\/2026\/03\/Post-GLiD-Mars2026-2048x2048.png 2048w\" sizes=\"auto, (max-width: 2481px) 100vw, 2481px\" \/><\/figure>\n<\/div>","protected":false},"excerpt":{"rendered":"<p>A propos de la GLID : La GLID c&rsquo;est la Guilde Ludique Interg\u00e9n\u00e9rationnelle Doloise, autrement dit c&rsquo;est une association de jeux de soci\u00e9t\u00e9 qui rassemble joueurs et joueuses de Dol-de-Bretagne et ses environs pour d\u00e9couvrir et faire d\u00e9couvrir une quantit\u00e9 de jeux, qu&rsquo;ils soient de cartes, de r\u00f4le, de plateau, de main, mais pas de&#8230;<\/p>\n","protected":false},"author":1,"featured_media":0,"parent":0,"menu_order":0,"comment_status":"closed","ping_status":"closed","template":"","meta":{"_kadence_starter_templates_imported_post":false,"_kad_post_transparent":"","_kad_post_title":"hide","_kad_post_layout":"default","_kad_post_sidebar_id":"","_kad_post_content_style":"default","_kad_post_vertical_padding":"","_kad_post_feature":"","_kad_post_feature_position":"","_kad_post_header":false,"_kad_post_footer":false,"_kad_post_classname":"","footnotes":"[]"},"class_list":["post-285","page","type-page","status-publish","hentry"],"_links":{"self":[{"href":"https:\/\/glid.fr\/index.php?rest_route=\/wp\/v2\/pages\/285","targetHints":{"allow":["GET"]}}],"collection":[{"href":"https:\/\/glid.fr\/index.php?rest_route=\/wp\/v2\/pages"}],"about":[{"href":"https:\/\/glid.fr\/index.php?rest_route=\/wp\/v2\/types\/page"}],"author":[{"embeddable":true,"href":"https:\/\/glid.fr\/index.php?rest_route=\/wp\/v2\/users\/1"}],"replies":[{"embeddable":true,"href":"https:\/\/glid.fr\/index.php?rest_route=%2Fwp%2Fv2%2Fcomments&post=285"}],"version-history":[{"count":104,"href":"https:\/\/glid.fr\/index.php?rest_route=\/wp\/v2\/pages\/285\/revisions"}],"predecessor-version":[{"id":1059,"href":"https:\/\/glid.fr\/index.php?rest_route=\/wp\/v2\/pages\/285\/revisions\/1059"}],"wp:attachment":[{"href":"https:\/\/glid.fr\/index.php?rest_route=%2Fwp%2Fv2%2Fmedia&parent=285"}],"curies":[{"name":"wp","href":"https:\/\/api.w.org\/{rel}","templated":true}]}}