{"id":235,"date":"2024-03-11T09:38:51","date_gmt":"2024-03-11T08:38:51","guid":{"rendered":"https:\/\/glid.fr\/?page_id=235"},"modified":"2026-02-11T11:16:24","modified_gmt":"2026-02-11T10:16:24","slug":"calendrier","status":"publish","type":"page","link":"https:\/\/glid.fr\/?page_id=235","title":{"rendered":"Calendrier"},"content":{"rendered":"<style>.wp-block-kadence-advancedheading.kt-adv-heading235_a7e5cc-f6, .wp-block-kadence-advancedheading.kt-adv-heading235_a7e5cc-f6[data-kb-block=\"kb-adv-heading235_a7e5cc-f6\"]{text-align:center;font-style:normal;}.wp-block-kadence-advancedheading.kt-adv-heading235_a7e5cc-f6 mark.kt-highlight, .wp-block-kadence-advancedheading.kt-adv-heading235_a7e5cc-f6[data-kb-block=\"kb-adv-heading235_a7e5cc-f6\"] mark.kt-highlight{font-style:normal;color:#f76a0c;-webkit-box-decoration-break:clone;box-decoration-break:clone;padding-top:0px;padding-right:0px;padding-bottom:0px;padding-left:0px;}.wp-block-kadence-advancedheading.kt-adv-heading235_a7e5cc-f6 img.kb-inline-image, .wp-block-kadence-advancedheading.kt-adv-heading235_a7e5cc-f6[data-kb-block=\"kb-adv-heading235_a7e5cc-f6\"] img.kb-inline-image{width:150px;vertical-align:baseline;}<\/style>\n<h1 class=\"kt-adv-heading235_a7e5cc-f6 wp-block-kadence-advancedheading\" data-kb-block=\"kb-adv-heading235_a7e5cc-f6\">Calendrier<\/h1>\n\n\n<style>.wp-block-kadence-advancedheading.kt-adv-heading235_08fa15-15, .wp-block-kadence-advancedheading.kt-adv-heading235_08fa15-15[data-kb-block=\"kb-adv-heading235_08fa15-15\"]{font-style:normal;}.wp-block-kadence-advancedheading.kt-adv-heading235_08fa15-15 mark.kt-highlight, .wp-block-kadence-advancedheading.kt-adv-heading235_08fa15-15[data-kb-block=\"kb-adv-heading235_08fa15-15\"] mark.kt-highlight{font-style:normal;color:#f76a0c;-webkit-box-decoration-break:clone;box-decoration-break:clone;padding-top:0px;padding-right:0px;padding-bottom:0px;padding-left:0px;}.wp-block-kadence-advancedheading.kt-adv-heading235_08fa15-15 img.kb-inline-image, .wp-block-kadence-advancedheading.kt-adv-heading235_08fa15-15[data-kb-block=\"kb-adv-heading235_08fa15-15\"] img.kb-inline-image{width:150px;vertical-align:baseline;}<\/style>\n<p class=\"kt-adv-heading235_08fa15-15 wp-block-kadence-advancedheading\" data-kb-block=\"kb-adv-heading235_08fa15-15\">En 2026, c&rsquo;est simple, on se retrouve tous les samedis soir \u00e0 partir de 20h00.<\/p>\n\n\n\n<p>Pour les sessions exceptionnelles (tournoi, JDR&#8230;), les dates seront communiqu\u00e9es via nos r\u00e9seaux, sur les affiches et ici :<\/p>\n\n\n\n<div style=\"height:10px\" aria-hidden=\"true\" class=\"wp-block-spacer\"><\/div>\n\n\n\n<div class=\"wp-block-group is-vertical is-content-justification-center is-layout-flex wp-container-core-group-is-layout-4b2eccd6 wp-block-group-is-layout-flex\">\n<h2 class=\"wp-block-heading has--font-size\">Le 26 Avril 2026<\/h2>\n\n\n\n<h3 class=\"wp-block-heading\"><a href=\"https:\/\/glid.fr\/?page_id=671=edit\">Tour<strong>noi d\u00e9couverte : Protocole IOMV2236472L<\/strong><\/a><\/h3>\n<\/div>\n\n\n\n<div style=\"height:10px\" aria-hidden=\"true\" class=\"wp-block-spacer\"><\/div>\n\n\n\n<p>Si comme moi ce qui n&rsquo;est pas dans votre agenda n&rsquo;existe pas alors la solution est juste en dessous :<\/p>\n\n\n\n<p>Si votre agenda est li\u00e9 \u00e0 votre compte Google, il est possible d&rsquo;ajouter notre agenda au v\u00f4tre :<\/p>\n\n\n\n<ul class=\"wp-block-list\">\n<li>sur votre ordinateur, ouvrez&nbsp;<a href=\"https:\/\/calendar.google.com\/\" target=\"_blank\" rel=\"noreferrer noopener\">Google Agenda<\/a> ;<\/li>\n\n\n\n<li>dans la colonne de gauche, \u00e0 c\u00f4t\u00e9 de \u00ab\u00a0Autres agendas\u00a0\u00bb, cliquez sur \u00ab\u00a0+\u00a0\u00bb, puis cliquez sur \u00ab\u00a0\u00c0 partir de l&rsquo;URL\u00a0\u00bb ;<\/li>\n\n\n\n<li>saisissez l&rsquo;<a href=\"https:\/\/calendar.google.com\/calendar\/u\/1?cid=Z2xpZDM1MTIwQGdtYWlsLmNvbQ\" data-type=\"link\" data-id=\"https:\/\/calendar.google.com\/calendar\/u\/1?cid=Z2xpZDM1MTIwQGdtYWlsLmNvbQ\">URL<\/a> de notre agenda : <a href=\"https:\/\/calendar.google.com\/calendar\/u\/1?cid=Z2xpZDM1MTIwQGdtYWlsLmNvbQ\">https:\/\/calendar.google.com\/calendar\/u\/1?cid=Z2xpZDM1MTIwQGdtYWlsLmNvbQ<\/a> ;<\/li>\n\n\n\n<li>cliquez sur&nbsp;\u00ab\u00a0Ajouter un agenda\u00a0\u00bb ;<\/li>\n\n\n\n<li>il appara\u00eet sous \u00ab\u00a0Autres agendas\u00a0\u00bb.<\/li>\n<\/ul>\n\n\n\n  <div id='pgcalendar-18612dc6eccbeca65fb32f0d390fd5d5b7e895e7058512bb61d8f896f78f062a' class='pgcal-container'>loading...<\/div>\n  <div class='pgcal-branding'>Powered by <a href='https:\/\/wordpress.org\/plugins\/pretty-google-calendar\/'>Pretty Google Calendar<\/a><\/div>\n  \n\n\n\n<div class=\"wp-block-columns is-layout-flex wp-container-core-columns-is-layout-9d6595d7 wp-block-columns-is-layout-flex\">\n<div class=\"wp-block-column is-layout-flow wp-block-column-is-layout-flow\" style=\"flex-basis:100%\"><style>.kadence-column235_779ab0-1b > .kt-inside-inner-col{display:flex;}.kadence-column235_779ab0-1b > .kt-inside-inner-col,.kadence-column235_779ab0-1b > .kt-inside-inner-col:before{border-top-left-radius:0px;border-top-right-radius:0px;border-bottom-right-radius:0px;border-bottom-left-radius:0px;}.kadence-column235_779ab0-1b > .kt-inside-inner-col{column-gap:var(--global-kb-gap-sm, 1rem);}.kadence-column235_779ab0-1b > .kt-inside-inner-col{flex-direction:row;flex-wrap:wrap;align-items:center;justify-content:flex-end;}.kadence-column235_779ab0-1b > .kt-inside-inner-col > *, .kadence-column235_779ab0-1b > .kt-inside-inner-col > figure.wp-block-image, .kadence-column235_779ab0-1b > .kt-inside-inner-col > figure.wp-block-kadence-image{margin-top:0px;margin-bottom:0px;}.kadence-column235_779ab0-1b > .kt-inside-inner-col > .kb-image-is-ratio-size{flex-grow:1;}.kadence-column235_779ab0-1b > .kt-inside-inner-col:before{opacity:0.3;}.kadence-column235_779ab0-1b{position:relative;}@media all and (max-width: 1024px){.kadence-column235_779ab0-1b > .kt-inside-inner-col{flex-direction:row;flex-wrap:wrap;align-items:center;justify-content:flex-end;}}@media all and (min-width: 768px) and (max-width: 1024px){.kadence-column235_779ab0-1b > .kt-inside-inner-col > *, .kadence-column235_779ab0-1b > .kt-inside-inner-col > figure.wp-block-image, .kadence-column235_779ab0-1b > .kt-inside-inner-col > figure.wp-block-kadence-image{margin-top:0px;margin-bottom:0px;}.kadence-column235_779ab0-1b > .kt-inside-inner-col > .kb-image-is-ratio-size{flex-grow:1;}}@media all and (max-width: 767px){.kadence-column235_779ab0-1b > .kt-inside-inner-col{flex-direction:row;flex-wrap:wrap;justify-content:flex-start;justify-content:flex-end;}.kadence-column235_779ab0-1b > .kt-inside-inner-col > *, .kadence-column235_779ab0-1b > .kt-inside-inner-col > figure.wp-block-image, .kadence-column235_779ab0-1b > .kt-inside-inner-col > figure.wp-block-kadence-image{margin-top:0px;margin-bottom:0px;}.kadence-column235_779ab0-1b > .kt-inside-inner-col > .kb-image-is-ratio-size{flex-grow:1;}}<\/style>\n<div class=\"wp-block-kadence-column kadence-column235_779ab0-1b kb-section-dir-horizontal\"><div class=\"kt-inside-inner-col\"><style>.wp-block-kadence-advancedheading.kt-adv-heading235_907002-c3, .wp-block-kadence-advancedheading.kt-adv-heading235_907002-c3[data-kb-block=\"kb-adv-heading235_907002-c3\"]{font-style:normal;}.wp-block-kadence-advancedheading.kt-adv-heading235_907002-c3 mark.kt-highlight, .wp-block-kadence-advancedheading.kt-adv-heading235_907002-c3[data-kb-block=\"kb-adv-heading235_907002-c3\"] mark.kt-highlight{font-style:normal;color:#f76a0c;-webkit-box-decoration-break:clone;box-decoration-break:clone;padding-top:0px;padding-right:0px;padding-bottom:0px;padding-left:0px;}.wp-block-kadence-advancedheading.kt-adv-heading235_907002-c3 img.kb-inline-image, .wp-block-kadence-advancedheading.kt-adv-heading235_907002-c3[data-kb-block=\"kb-adv-heading235_907002-c3\"] img.kb-inline-image{width:150px;vertical-align:baseline;}<\/style>\n<h2 class=\"kt-adv-heading235_907002-c3 wp-block-kadence-advancedheading\" data-kb-block=\"kb-adv-heading235_907002-c3\"><\/h2>\n<\/div><\/div>\n<\/div>\n<\/div>\n\n\n\n<div class=\"wp-block-group is-nowrap is-layout-flex wp-container-core-group-is-layout-ad2f72ca wp-block-group-is-layout-flex\"><style>.wp-block-kadence-advancedheading.kt-adv-heading235_8d93be-90, .wp-block-kadence-advancedheading.kt-adv-heading235_8d93be-90[data-kb-block=\"kb-adv-heading235_8d93be-90\"]{font-style:normal;}.wp-block-kadence-advancedheading.kt-adv-heading235_8d93be-90 mark.kt-highlight, .wp-block-kadence-advancedheading.kt-adv-heading235_8d93be-90[data-kb-block=\"kb-adv-heading235_8d93be-90\"] mark.kt-highlight{font-style:normal;color:#f76a0c;-webkit-box-decoration-break:clone;box-decoration-break:clone;padding-top:0px;padding-right:0px;padding-bottom:0px;padding-left:0px;}.wp-block-kadence-advancedheading.kt-adv-heading235_8d93be-90 img.kb-inline-image, .wp-block-kadence-advancedheading.kt-adv-heading235_8d93be-90[data-kb-block=\"kb-adv-heading235_8d93be-90\"] img.kb-inline-image{width:150px;vertical-align:baseline;}<\/style>\n<h2 class=\"kt-adv-heading235_8d93be-90 wp-block-kadence-advancedheading\" data-kb-block=\"kb-adv-heading235_8d93be-90\"><\/h2>\n<\/div>\n\n\n<style>.kb-row-layout-id235_8d8460-70 > .kt-row-column-wrap{align-content:start;}:where(.kb-row-layout-id235_8d8460-70 > .kt-row-column-wrap) > .wp-block-kadence-column{justify-content:start;}.kb-row-layout-id235_8d8460-70 > .kt-row-column-wrap{column-gap:var(--global-kb-gap-md, 2rem);row-gap:var(--global-kb-gap-md, 2rem);padding-top:var(--global-kb-spacing-sm, 1.5rem);padding-bottom:var(--global-kb-spacing-sm, 1.5rem);grid-template-columns:minmax(0, 1fr);}.kb-row-layout-id235_8d8460-70 > .kt-row-layout-overlay{opacity:0.30;}@media all and (max-width: 1024px){.kb-row-layout-id235_8d8460-70 > .kt-row-column-wrap{grid-template-columns:minmax(0, 1fr);}}@media all and (max-width: 767px){.kb-row-layout-id235_8d8460-70 > .kt-row-column-wrap{grid-template-columns:minmax(0, 1fr);}}<\/style><div class=\"kb-row-layout-wrap kb-row-layout-id235_8d8460-70 alignnone wp-block-kadence-rowlayout\"><div class=\"kt-row-column-wrap kt-has-1-columns kt-row-layout-equal kt-tab-layout-inherit kt-mobile-layout-row kt-row-valign-top\">\n<style>.kadence-column235_a11112-30 > .kt-inside-inner-col,.kadence-column235_a11112-30 > .kt-inside-inner-col:before{border-top-left-radius:0px;border-top-right-radius:0px;border-bottom-right-radius:0px;border-bottom-left-radius:0px;}.kadence-column235_a11112-30 > .kt-inside-inner-col{column-gap:var(--global-kb-gap-sm, 1rem);}.kadence-column235_a11112-30 > .kt-inside-inner-col{flex-direction:column;}.kadence-column235_a11112-30 > .kt-inside-inner-col > .aligncenter{width:100%;}.kadence-column235_a11112-30 > .kt-inside-inner-col:before{opacity:0.3;}.kadence-column235_a11112-30{position:relative;}@media all and (max-width: 1024px){.kadence-column235_a11112-30 > .kt-inside-inner-col{flex-direction:column;justify-content:center;}}@media all and (max-width: 767px){.kadence-column235_a11112-30 > .kt-inside-inner-col{flex-direction:column;justify-content:center;}}<\/style>\n<div class=\"wp-block-kadence-column kadence-column235_a11112-30\"><div class=\"kt-inside-inner-col\"><\/div><\/div>\n\n<\/div><\/div>\n\n\n<p><\/p>\n","protected":false},"excerpt":{"rendered":"<p>Calendrier En 2026, c&rsquo;est simple, on se retrouve tous les samedis soir \u00e0 partir de 20h00. Pour les sessions exceptionnelles (tournoi, JDR&#8230;), les dates seront communiqu\u00e9es via nos r\u00e9seaux, sur les affiches et ici : Le 26 Avril 2026 Tournoi d\u00e9couverte : Protocole IOMV2236472L Si comme moi ce qui n&rsquo;est pas dans votre agenda n&rsquo;existe&#8230;<\/p>\n","protected":false},"author":1,"featured_media":0,"parent":0,"menu_order":0,"comment_status":"closed","ping_status":"closed","template":"","meta":{"_kadence_starter_templates_imported_post":false,"_kad_post_transparent":"","_kad_post_title":"","_kad_post_layout":"","_kad_post_sidebar_id":"","_kad_post_content_style":"","_kad_post_vertical_padding":"","_kad_post_feature":"","_kad_post_feature_position":"","_kad_post_header":false,"_kad_post_footer":false,"_kad_post_classname":"","footnotes":""},"class_list":["post-235","page","type-page","status-publish","hentry"],"_links":{"self":[{"href":"https:\/\/glid.fr\/index.php?rest_route=\/wp\/v2\/pages\/235","targetHints":{"allow":["GET"]}}],"collection":[{"href":"https:\/\/glid.fr\/index.php?rest_route=\/wp\/v2\/pages"}],"about":[{"href":"https:\/\/glid.fr\/index.php?rest_route=\/wp\/v2\/types\/page"}],"author":[{"embeddable":true,"href":"https:\/\/glid.fr\/index.php?rest_route=\/wp\/v2\/users\/1"}],"replies":[{"embeddable":true,"href":"https:\/\/glid.fr\/index.php?rest_route=%2Fwp%2Fv2%2Fcomments&post=235"}],"version-history":[{"count":49,"href":"https:\/\/glid.fr\/index.php?rest_route=\/wp\/v2\/pages\/235\/revisions"}],"predecessor-version":[{"id":1045,"href":"https:\/\/glid.fr\/index.php?rest_route=\/wp\/v2\/pages\/235\/revisions\/1045"}],"wp:attachment":[{"href":"https:\/\/glid.fr\/index.php?rest_route=%2Fwp%2Fv2%2Fmedia&parent=235"}],"curies":[{"name":"wp","href":"https:\/\/api.w.org\/{rel}","templated":true}]}}