{"id":107,"date":"2020-04-16T07:53:29","date_gmt":"2020-04-16T07:53:29","guid":{"rendered":"https:\/\/demos.kadencewp.com\/food\/?page_id=107"},"modified":"2026-02-06T17:05:00","modified_gmt":"2026-02-06T16:05:00","slug":"contact","status":"publish","type":"page","link":"https:\/\/glid.fr\/?page_id=107","title":{"rendered":"Contact"},"content":{"rendered":"\n<p><\/p>\n\n\n\n<p><\/p>\n\n\n\n<p>Envie de nous rejoindre ? Besoin d&rsquo;une information compl\u00e9mentaire ? Plusieurs options sont \u00e0 votre disposition pour rester en contact avec nous !<\/p>\n\n\n<div class=\"wp-block-image\">\n<figure class=\"alignright size-full is-resized\"><img loading=\"lazy\" decoding=\"async\" width=\"1016\" height=\"677\" src=\"https:\/\/glid.fr\/wp-content\/uploads\/2024\/11\/DSCF2237.webp\" alt=\"\" class=\"wp-image-487\" style=\"width:444px;height:auto\" srcset=\"https:\/\/glid.fr\/wp-content\/uploads\/2024\/11\/DSCF2237.webp 1016w, https:\/\/glid.fr\/wp-content\/uploads\/2024\/11\/DSCF2237-300x200.webp 300w, https:\/\/glid.fr\/wp-content\/uploads\/2024\/11\/DSCF2237-768x512.webp 768w\" sizes=\"auto, (max-width: 1016px) 100vw, 1016px\" \/><\/figure>\n<\/div>\n\n\n<p>\ud83d\udce2 Rejoignez notre groupe <a href=\"https:\/\/chat.whatsapp.com\/Ih2MBdgWFvb3tIqIGQ6soP\" data-type=\"link\" data-id=\"https:\/\/chat.whatsapp.com\/Ih2MBdgWFvb3tIqIGQ6soP\">WhatsApp<\/a> pour \u00eatre inform\u00e9s en temps r\u00e9el ! Les joueurs y sont notifi\u00e9s des derni\u00e8res mises \u00e0 jour du calendrier et quelques annonces peuvent y \u00eatre faites. Vous pouvez \u00e9galement nous suivre sur notre page <a href=\"https:\/\/www.facebook.com\/people\/La-GLID\/61557584405946\/\" data-type=\"link\" data-id=\"https:\/\/www.facebook.com\/people\/La-GLID\/61557584405946\/\">Facebook<\/a> pour \u00eatre au courant de nos derni\u00e8res actualit\u00e9s.<\/p>\n\n\n\n<p>\ud83d\udcac Envie d&rsquo;\u00e9changer avec les autres membres ? Rendez-vous sur notre serveur <a href=\"https:\/\/discord.gg\/wJbEfpW2zj\" data-type=\"link\" data-id=\"https:\/\/discord.gg\/wJbEfpW2zj\">Discord<\/a> ! Que ce soit pour communiquer sur l&rsquo;actualit\u00e9 ludique, nous partager votre dernier jeu coup de coeur, organiser une partie sur BGA, ou tout simplement papoter, c\u2019est l\u2019endroit id\u00e9al.<\/p>\n\n\n\n<p>\ud83d\udce7 Pour toute demande ou information, n&rsquo;h\u00e9sitez pas \u00e0 nous envoyer un message juste en dessous. Nous r\u00e9pondons rapidement et avec plaisir !<\/p>\n\n\n\n<div class=\"forminator-guttenberg\"><div class=\"forminator-ui forminator-custom-form forminator-custom-form-422 forminator-design--default forminator-enclosed forminator_ajax\" data-forminator-render=\"0\" data-form=\"forminator-module-422\" data-uid=\"69e1fa807b01b\"><br\/><\/div><form\n\t\t\t\tid=\"forminator-module-422\"\n\t\t\t\tclass=\"forminator-ui forminator-custom-form forminator-custom-form-422 forminator-design--default forminator-enclosed forminator_ajax\"\n\t\t\t\tmethod=\"post\"\n\t\t\t\tdata-forminator-render=\"0\"\n\t\t\t\tdata-form-id=\"422\"\n\t\t\t\t data-color-option=\"default\" data-design=\"default\" data-grid=\"enclosed\" style=\"display: none;\"\n\t\t\t\tdata-uid=\"69e1fa807b01b\"\n\t\t\t><div role=\"alert\" aria-live=\"polite\" class=\"forminator-response-message forminator-error\" aria-hidden=\"true\"><\/div><div class=\"forminator-row\"><div id=\"name-1\" class=\"forminator-field-name forminator-col forminator-col-6 \"><div class=\"forminator-field\"><label for=\"forminator-field-name-1_69e1fa807b01b\" id=\"forminator-field-name-1_69e1fa807b01b-label\" class=\"forminator-label\">Pr\u00e9nom <span class=\"forminator-required\">*<\/span><\/label><input type=\"text\" name=\"name-1\" value=\"\" placeholder=\"Par exemple\u00a0: Jean\" id=\"forminator-field-name-1_69e1fa807b01b\" class=\"forminator-input forminator-name--field\" aria-required=\"true\" autocomplete=\"name\" \/><\/div><\/div><div id=\"name-2\" class=\"forminator-field-name forminator-col forminator-col-6 \"><div class=\"forminator-field\"><label for=\"forminator-field-name-2_69e1fa807b01b\" id=\"forminator-field-name-2_69e1fa807b01b-label\" class=\"forminator-label\">Nom <span class=\"forminator-required\">*<\/span><\/label><input type=\"text\" name=\"name-2\" value=\"\" placeholder=\"Par exemple\u00a0: Jacques Martin\" id=\"forminator-field-name-2_69e1fa807b01b\" class=\"forminator-input forminator-name--field\" aria-required=\"true\" autocomplete=\"name\" \/><\/div><\/div><\/div><div class=\"forminator-row\"><div id=\"email-1\" class=\"forminator-field-email forminator-col forminator-col-6 \"><div class=\"forminator-field\"><label for=\"forminator-field-email-1_69e1fa807b01b\" id=\"forminator-field-email-1_69e1fa807b01b-label\" class=\"forminator-label\">Adresse de messagerie <span class=\"forminator-required\">*<\/span><\/label><input type=\"email\" name=\"email-1\" value=\"\" placeholder=\"Par exemple\u00a0: jacques@martin.com\" id=\"forminator-field-email-1_69e1fa807b01b\" class=\"forminator-input forminator-email--field\" data-required=\"true\" aria-required=\"true\" autocomplete=\"email\" \/><\/div><\/div><div id=\"phone-2\" class=\"forminator-field-phone forminator-col forminator-col-6 \"><div class=\"forminator-field\"><label for=\"forminator-field-phone-2_69e1fa807b01b\" id=\"forminator-field-phone-2_69e1fa807b01b-label\" class=\"forminator-label\">T\u00e9l\u00e9phone<\/label><input type=\"text\" name=\"phone-2\" value=\"\" placeholder=\"Par exemple\u00a0: +1 02 03 05 06\" id=\"forminator-field-phone-2_69e1fa807b01b\" class=\"forminator-input forminator-field--phone\" data-required=\"\" aria-required=\"false\" autocomplete=\"off\" \/><\/div><\/div><\/div><div class=\"forminator-row\"><div id=\"textarea-1\" class=\"forminator-field-textarea forminator-col forminator-col-12 \"><div class=\"forminator-field\"><label for=\"forminator-field-textarea-1_69e1fa807b01b\" id=\"forminator-field-textarea-1_69e1fa807b01b-label\" class=\"forminator-label\">Message<\/label><textarea name=\"textarea-1\" placeholder=\"Saisissez votre message\u2026\" id=\"forminator-field-textarea-1_69e1fa807b01b\" class=\"forminator-textarea\" rows=\"6\" style=\"min-height:140px;\" ><\/textarea><\/div><\/div><\/div><input type=\"hidden\" name=\"referer_url\" value=\"\" \/><div class=\"forminator-row forminator-row-last\"><div class=\"forminator-col\"><div class=\"forminator-field\"><button class=\"forminator-button forminator-button-submit\">Envoyer le message<\/button><\/div><\/div><\/div><input type=\"hidden\" id=\"forminator_nonce\" name=\"forminator_nonce\" value=\"bc21cd0e1a\" \/><input type=\"hidden\" name=\"_wp_http_referer\" value=\"\/index.php?rest_route=%2Fwp%2Fv2%2Fpages%2F107\" \/><input type=\"hidden\" name=\"form_id\" value=\"422\"><input type=\"hidden\" name=\"page_id\" value=\"107\"><input type=\"hidden\" name=\"form_type\" value=\"default\"><input type=\"hidden\" name=\"current_url\" value=\"https:\/\/glid.fr\/?page_id=107\"><input type=\"hidden\" name=\"render_id\" value=\"0\"><input type=\"hidden\" name=\"action\" value=\"forminator_submit_form_custom-forms\"><\/form><\/div>\n\n\n<div class=\"wp-block-image\">\n<figure class=\"alignleft size-full is-resized\"><img loading=\"lazy\" decoding=\"async\" width=\"1016\" height=\"677\" src=\"https:\/\/glid.fr\/wp-content\/uploads\/2024\/11\/DSCF1667.webp\" alt=\"\" class=\"wp-image-488\" style=\"width:405px;height:auto\" srcset=\"https:\/\/glid.fr\/wp-content\/uploads\/2024\/11\/DSCF1667.webp 1016w, https:\/\/glid.fr\/wp-content\/uploads\/2024\/11\/DSCF1667-300x200.webp 300w, https:\/\/glid.fr\/wp-content\/uploads\/2024\/11\/DSCF1667-768x512.webp 768w\" sizes=\"auto, (max-width: 1016px) 100vw, 1016px\" \/><\/figure>\n<\/div>\n\n\n<p>\ud83d\udcf1 Et si vous pr\u00e9f\u00e9rez le t\u00e9l\u00e9phone, vous pouvez contacter notre cher pr\u00e9sident Jean-Claude (JC pour les intimes) au 07.82.91.12.20, il se fera un plaisir de vous renseigner !<\/p>\n\n\n\n<p><\/p>\n","protected":false},"excerpt":{"rendered":"<p>Envie de nous rejoindre ? Besoin d&rsquo;une information compl\u00e9mentaire ? Plusieurs options sont \u00e0 votre disposition pour rester en contact avec nous ! \ud83d\udce2 Rejoignez notre groupe WhatsApp pour \u00eatre inform\u00e9s en temps r\u00e9el ! Les joueurs y sont notifi\u00e9s des derni\u00e8res mises \u00e0 jour du calendrier et quelques annonces peuvent y \u00eatre faites. Vous&#8230;<\/p>\n","protected":false},"author":1,"featured_media":0,"parent":0,"menu_order":0,"comment_status":"closed","ping_status":"closed","template":"","meta":{"_kadence_starter_templates_imported_post":true,"_kad_post_transparent":"","_kad_post_title":"hide","_kad_post_layout":"","_kad_post_sidebar_id":"","_kad_post_content_style":"","_kad_post_vertical_padding":"","_kad_post_feature":"","_kad_post_feature_position":"","_kad_post_header":false,"_kad_post_footer":false,"_kad_post_classname":"","footnotes":""},"class_list":["post-107","page","type-page","status-publish","hentry"],"_links":{"self":[{"href":"https:\/\/glid.fr\/index.php?rest_route=\/wp\/v2\/pages\/107","targetHints":{"allow":["GET"]}}],"collection":[{"href":"https:\/\/glid.fr\/index.php?rest_route=\/wp\/v2\/pages"}],"about":[{"href":"https:\/\/glid.fr\/index.php?rest_route=\/wp\/v2\/types\/page"}],"author":[{"embeddable":true,"href":"https:\/\/glid.fr\/index.php?rest_route=\/wp\/v2\/users\/1"}],"replies":[{"embeddable":true,"href":"https:\/\/glid.fr\/index.php?rest_route=%2Fwp%2Fv2%2Fcomments&post=107"}],"version-history":[{"count":16,"href":"https:\/\/glid.fr\/index.php?rest_route=\/wp\/v2\/pages\/107\/revisions"}],"predecessor-version":[{"id":1016,"href":"https:\/\/glid.fr\/index.php?rest_route=\/wp\/v2\/pages\/107\/revisions\/1016"}],"wp:attachment":[{"href":"https:\/\/glid.fr\/index.php?rest_route=%2Fwp%2Fv2%2Fmedia&parent=107"}],"curies":[{"name":"wp","href":"https:\/\/api.w.org\/{rel}","templated":true}]}}